{"id":18,"date":"2014-02-21T21:35:07","date_gmt":"2014-02-21T21:35:07","guid":{"rendered":"http:\/\/localhost\/lb\/wordpress\/?page_id=18"},"modified":"2014-03-02T16:20:44","modified_gmt":"2014-03-02T16:20:44","slug":"kontakt","status":"publish","type":"page","link":"https:\/\/www.lebensberatung-schmoll.at\/?page_id=18","title":{"rendered":"Kontakt"},"content":{"rendered":"<div id=\"attachment_77\" style=\"width: 148px\" class=\"wp-caption alignright\"><a href=\"http:\/\/www.lebensberatung-schmoll.at\/wp-content\/uploads\/2014\/02\/Anfahrt.jpg\"><img loading=\"lazy\" decoding=\"async\" aria-describedby=\"caption-attachment-77\" class=\" wp-image-77 \" alt=\"Anfahrt zur Praxis\" src=\"http:\/\/www.lebensberatung-schmoll.at\/wp-content\/uploads\/2014\/02\/Anfahrt-300x300.jpg\" width=\"138\" height=\"138\" srcset=\"https:\/\/www.lebensberatung-schmoll.at\/wp-content\/uploads\/2014\/02\/Anfahrt-300x300.jpg 300w, https:\/\/www.lebensberatung-schmoll.at\/wp-content\/uploads\/2014\/02\/Anfahrt-150x150.jpg 150w, https:\/\/www.lebensberatung-schmoll.at\/wp-content\/uploads\/2014\/02\/Anfahrt-299x300.jpg 299w, https:\/\/www.lebensberatung-schmoll.at\/wp-content\/uploads\/2014\/02\/Anfahrt.jpg 804w\" sizes=\"auto, (max-width: 138px) 100vw, 138px\" \/><\/a><p id=\"caption-attachment-77\" class=\"wp-caption-text\">Anfahrt zur Praxis<\/p><\/div>\n<p>Mag. iur. Johanna Schmoll-Lechenauer<br \/>\nDipl. Lebens-und Sozialberaterin<br \/>\nEinzel-, Paar- und Elternberatung, Mediation<br \/>\nBeratungspraxis<br \/>\nDavisstra\u00dfe 34\/1<br \/>\n5400 Hallein\/Salzburg<\/p>\n<p>Ich freue mich auf Ihren Anruf oder Ihre Nachricht!<\/p>\n<p>Beratungspraxis ist zu Fu\u00df 5 min. von \u00f6ffentlicher Busverbindung und 10 min vom Bahnhof Hallein entfernt. Parkm\u00f6glichkeit gibt es direkt vor dem Haus.<\/p>\n<p>&nbsp;<\/p>\n<form method=\"post\" id=\"cntctfrm_contact_form\" class=\"cntctfrm_contact_form cntctfrm_one_column cntctfrm_ltr cntctfrm_width_default\" action=\"\/index.php?rest_route=%2Fwp%2Fv2%2Fpages%2F18#cntctfrm_contact_form\" enctype=\"multipart\/form-data\"><div id=\"cntctfrm_first_column\" class=\"cntctfrm_column\"><div class=\"cntctfrm_field_wrap cntctfrm_field_name_wrap\"namecontact><div class=\"cntctfrm_label cntctfrm_label_name\">\n\t\t\t\t\t\t\t\t\t<label for=\"cntctfrm_contact_name\">Name: <span class=\"required\">*<\/span><\/label><\/div><div class=\"cntctfrm_input cntctfrm_input_name\">\n\t\t\t\t\t\t\t\t\t<input namecontact class=\"text\" type=\"text\" size=\"40\" pattern=\"^([\\p{L}\\p{M}]{2,}(\\s)*(\\p{L}+\\p{M}*-*){1,})|([\\p{L}\\p{M}]{3,})\" title=\"Bitte nur Buchstaben mit mindestens 3 Zeichen eingeben, W\u00f6rter durch Leerzeichen getrennt\" value=\"\" name=\"cntctfrm_contact_name\" id=\"cntctfrm_contact_name\" \/><\/div><\/div><div class=\"cntctfrm_field_wrap cntctfrm_field_email_wrap\"email><div class=\"cntctfrm_label cntctfrm_label_email\">\n\t\t\t\t\t\t\t\t\t<label for=\"cntctfrm_contact_email\">E-Mail-Addresse: <span class=\"required\">*<\/span><\/label>\n\t\t\t\t\t\t\t\t<\/div><div class=\"cntctfrm_input cntctfrm_input_email\">\n\t\t\t\t\t\t\t\t\t<input email class=\"text\" type=\"email\" size=\"40\" value=\"\" name=\"cntctfrm_contact_email\" id=\"cntctfrm_contact_email\" \/><\/div><\/div><div class=\"cntctfrm_field_wrap cntctfrm_field_subject_wrap\"subject><div class=\"cntctfrm_label cntctfrm_label_subject\">\n\t\t\t\t\t\t\t\t\t<label for=\"cntctfrm_contact_subject\">Thema: <span class=\"required\">*<\/span><\/label>\n\t\t\t\t\t\t\t\t<\/div><div class=\"cntctfrm_input cntctfrm_input_subject\">\n\t\t\t\t\t\t\t\t<input subject pattern=\"^([\\p{M}\\p{L}]{1,}(\\s\\p{M}*\\p{L}+-*)*){3,}\" title=\"Bitte nur Buchstaben mit mindestens 3 Zeichen eingeben, W\u00f6rter durch Leerzeichen getrennt\" class=\"text\" type=\"text\" size=\"40\" value=\"\" name=\"cntctfrm_contact_subject\" id=\"cntctfrm_contact_subject\" \/><\/div><\/div><div class=\"cntctfrm_field_wrap cntctfrm_field_message_wrap\"message><div class=\"cntctfrm_label cntctfrm_label_message\">\n\t\t\t\t\t\t\t\t<label for=\"cntctfrm_contact_message\">Nachricht: <span class=\"required\">*<\/span><\/label>\n\t\t\t\t\t\t\t<\/div><div class=\"cntctfrm_input cntctfrm_input_message\">\n\t\t\t\t\t\t\t\t<textarea message rows=\"5\" cols=\"30\"name=\"cntctfrm_contact_message\" id=\"cntctfrm_contact_message\"><\/textarea><\/div><\/div><\/div><div class=\"clear\"><\/div><div class=\"cntctfrm_submit_wrap\"><div id=\"cntctfrm_submit_first_column\" class=\"cntctfrm_column\"><div class=\"cntctfrm_input cntctfrm_input_submit\"><input type=\"hidden\" value=\"send\" name=\"cntctfrm_contact_action\">\n\t\t\t\t\t\t\t<input type=\"hidden\" value=\"default\" name=\"cntctfrm_language\">\n\t\t\t\t\t\t\t<input type=\"hidden\" value=\"1\" name=\"cntctfrm_form_submited\">\n\t\t\t\t\t\t\t<input type=\"hidden\" value=\"cntctfrm_options\" name=\"cntctfrm_options_name\">\n\t\t\t\t\t\t\t<input type=\"submit\" value=\"Einreichen\" class=\"cntctfrm_contact_submit\" \/>\n\t\t\t\t\t\t<\/div><\/div><div id=\"cntctfrm_submit_second_column\" class=\"cntctfrm_column\"><\/div><div class=\"clear\"><\/div>\n\t\t\t<\/div>\n\t\t\t<\/form>\n","protected":false},"excerpt":{"rendered":"<p>Mag. iur. Johanna Schmoll-Lechenauer Dipl. Lebens-und Sozialberaterin Einzel-, Paar- und Elternberatung, Mediation Beratungspraxis Davisstra\u00dfe 34\/1 5400 Hallein\/Salzburg Ich freue mich auf Ihren Anruf oder Ihre Nachricht! Beratungspraxis ist zu Fu\u00df 5 min. von \u00f6ffentlicher Busverbindung und 10 min vom Bahnhof &hellip; <a href=\"https:\/\/www.lebensberatung-schmoll.at\/?page_id=18\">Weiterlesen <span class=\"meta-nav\">&rarr;<\/span><\/a><\/p>\n","protected":false},"author":1,"featured_media":19,"parent":0,"menu_order":5,"comment_status":"closed","ping_status":"closed","template":"sidebar-page.php","meta":{"footnotes":""},"class_list":["post-18","page","type-page","status-publish","has-post-thumbnail","hentry"],"_links":{"self":[{"href":"https:\/\/www.lebensberatung-schmoll.at\/index.php?rest_route=\/wp\/v2\/pages\/18","targetHints":{"allow":["GET"]}}],"collection":[{"href":"https:\/\/www.lebensberatung-schmoll.at\/index.php?rest_route=\/wp\/v2\/pages"}],"about":[{"href":"https:\/\/www.lebensberatung-schmoll.at\/index.php?rest_route=\/wp\/v2\/types\/page"}],"author":[{"embeddable":true,"href":"https:\/\/www.lebensberatung-schmoll.at\/index.php?rest_route=\/wp\/v2\/users\/1"}],"replies":[{"embeddable":true,"href":"https:\/\/www.lebensberatung-schmoll.at\/index.php?rest_route=%2Fwp%2Fv2%2Fcomments&post=18"}],"version-history":[{"count":13,"href":"https:\/\/www.lebensberatung-schmoll.at\/index.php?rest_route=\/wp\/v2\/pages\/18\/revisions"}],"predecessor-version":[{"id":126,"href":"https:\/\/www.lebensberatung-schmoll.at\/index.php?rest_route=\/wp\/v2\/pages\/18\/revisions\/126"}],"wp:featuredmedia":[{"embeddable":true,"href":"https:\/\/www.lebensberatung-schmoll.at\/index.php?rest_route=\/wp\/v2\/media\/19"}],"wp:attachment":[{"href":"https:\/\/www.lebensberatung-schmoll.at\/index.php?rest_route=%2Fwp%2Fv2%2Fmedia&parent=18"}],"curies":[{"name":"wp","href":"https:\/\/api.w.org\/{rel}","templated":true}]}}