{"id":2,"date":"2014-02-21T20:22:32","date_gmt":"2014-02-21T20:22:32","guid":{"rendered":"http:\/\/localhost\/lb\/wordpress\/?page_id=2"},"modified":"2025-01-25T10:43:36","modified_gmt":"2025-01-25T10:43:36","slug":"sample-page","status":"publish","type":"page","link":"https:\/\/www.lebensberatung-schmoll.at\/?page_id=2","title":{"rendered":"\u00dcber mich"},"content":{"rendered":"<p><strong>Name<\/strong>: Mag.iur. Johanna Schmoll-Lechenauer<br \/>\n<strong>Alter<\/strong>: 1967 geboren<br \/>\n<strong>Familienstand<\/strong>: verheiratet<br \/>\nMutter von zwei erwachsenen Kindern<\/p>\n<p>Juristin, Universit\u00e4t Salzburg, mit Schwerpunkt zu Familien-, Trennungs- und Scheidungsfragen, zu Sachwalter \u2013 und Mietrecht sowie zu Themen der Existenzsicherung.<br \/>\nLangj\u00e4hrige Mitarbeiterin des Vereins f\u00fcr Sachwalterschaft, Beraterin in der Sozialen Arbeit, Delogierungspr\u00e4vention und vom Bundeskanzleramt anerkannte Rechts- und Familienberaterin, Gesch\u00e4ftsf\u00fchrerin von einer Familienberatungsstelle.<\/p>\n<p>Dipl. Lebens- und Sozialberaterin mit ziel- und l\u00f6sungsorientierten Methoden, systemischer Ansatz, Akademie f\u00fcr Lebens- und Sozialberatung Salzburg sowie Mediation nach G. Friedmann, J. Himmelstein, Pat Hudson u.a.<\/p>\n<p><strong>Hobbys<\/strong>: Schwimmen, Bergwandern, Musik, Reisen, Motorradfahren, \u201eSweets\u201c<\/p>\n","protected":false},"excerpt":{"rendered":"<p>Name: Mag.iur. Johanna Schmoll-Lechenauer Alter: 1967 geboren Familienstand: verheiratet Mutter von zwei erwachsenen Kindern Juristin, Universit\u00e4t Salzburg, mit Schwerpunkt zu Familien-, Trennungs- und Scheidungsfragen, zu Sachwalter \u2013 und Mietrecht sowie zu Themen der Existenzsicherung. Langj\u00e4hrige Mitarbeiterin des Vereins f\u00fcr Sachwalterschaft, &hellip; <a href=\"https:\/\/www.lebensberatung-schmoll.at\/?page_id=2\">Weiterlesen <span class=\"meta-nav\">&rarr;<\/span><\/a><\/p>\n","protected":false},"author":1,"featured_media":15,"parent":0,"menu_order":1,"comment_status":"closed","ping_status":"closed","template":"sidebar-page.php","meta":{"footnotes":""},"class_list":["post-2","page","type-page","status-publish","has-post-thumbnail","hentry"],"_links":{"self":[{"href":"https:\/\/www.lebensberatung-schmoll.at\/index.php?rest_route=\/wp\/v2\/pages\/2","targetHints":{"allow":["GET"]}}],"collection":[{"href":"https:\/\/www.lebensberatung-schmoll.at\/index.php?rest_route=\/wp\/v2\/pages"}],"about":[{"href":"https:\/\/www.lebensberatung-schmoll.at\/index.php?rest_route=\/wp\/v2\/types\/page"}],"author":[{"embeddable":true,"href":"https:\/\/www.lebensberatung-schmoll.at\/index.php?rest_route=\/wp\/v2\/users\/1"}],"replies":[{"embeddable":true,"href":"https:\/\/www.lebensberatung-schmoll.at\/index.php?rest_route=%2Fwp%2Fv2%2Fcomments&post=2"}],"version-history":[{"count":7,"href":"https:\/\/www.lebensberatung-schmoll.at\/index.php?rest_route=\/wp\/v2\/pages\/2\/revisions"}],"predecessor-version":[{"id":225,"href":"https:\/\/www.lebensberatung-schmoll.at\/index.php?rest_route=\/wp\/v2\/pages\/2\/revisions\/225"}],"wp:featuredmedia":[{"embeddable":true,"href":"https:\/\/www.lebensberatung-schmoll.at\/index.php?rest_route=\/wp\/v2\/media\/15"}],"wp:attachment":[{"href":"https:\/\/www.lebensberatung-schmoll.at\/index.php?rest_route=%2Fwp%2Fv2%2Fmedia&parent=2"}],"curies":[{"name":"wp","href":"https:\/\/api.w.org\/{rel}","templated":true}]}}