{"id":23,"date":"2014-02-21T21:46:39","date_gmt":"2014-02-21T21:46:39","guid":{"rendered":"http:\/\/localhost\/lb\/wordpress\/?page_id=23"},"modified":"2014-08-17T16:26:50","modified_gmt":"2014-08-17T16:26:50","slug":"termine","status":"publish","type":"page","link":"https:\/\/www.lebensberatung-schmoll.at\/?page_id=23","title":{"rendered":"Termine"},"content":{"rendered":"<h1>&#8230;f\u00fcr Lebens- und Sozialberatung<\/h1>\n<p>An den Werktagen <strong>Montag <\/strong>und <strong>Samstag <\/strong>berate ich Sie gerne. F\u00fcr die Terminvereinbarung sind folgende Zeiten m\u00f6glich:<\/p>\n<table width=\"237\">\n<tbody>\n<tr>\n<th>Montag<\/th>\n<th>Samstag<\/th>\n<\/tr>\n<tr>\n<td>14:30 Uhr<\/td>\n<td>11:00 Uhr<\/td>\n<\/tr>\n<tr>\n<td>16:00 Uhr<\/td>\n<td>15:00 Uhr<\/td>\n<\/tr>\n<tr>\n<td>17:30 Uhr<\/td>\n<td>17:00 Uhr<\/td>\n<\/tr>\n<tr>\n<td>19:00 Uhr<\/td>\n<td>18:30 Uhr<\/td>\n<\/tr>\n<\/tbody>\n<\/table>\n<h2><\/h2>\n<h2>&#8230;f\u00fcr allgemeine und speziell verpflichtende Elternberatung vor einvernehmlicher Scheidung<\/h2>\n<p>Elternberatung vor einvernehmlicher Scheidung gem. \u00a7 95 a Au\u00dferstreitgesetz \u2013 diese psychosoziale Beratung mit Teilnahmebest\u00e4tigung biete ich jeden 1.Samstag im Monat ab 15 Uhr nach Anmeldung an bzw. ist auf Anfrage auch ein anderer Termin m\u00f6glich.<\/p>\n<p>Diese Elternberatung vor einer einvernehmlichen Scheidung ist verpflichtend und Sie k\u00f6nnen als Eltern, einzelner Elternteil oder Gruppe von Elternteilen zur Beratung kommen. Inhaltlich geht es um die Bed\u00fcrfnisse und das Wohl der Kinder in der Scheidungssituation.<\/p>\n<p>Termine k\u00f6nnen Sie unter unter + 43 699 19 28 14 22 vereinbaren.<\/p>\n<p>&nbsp;<\/p>\n<table style=\"height: 70px;\" width=\"452\">\n<tbody>\n<tr>\n<th><\/th>\n<th><\/th>\n<th><\/th>\n<\/tr>\n<tr>\n<td><\/td>\n<td><\/td>\n<td><\/td>\n<\/tr>\n<tr>\n<td><\/td>\n<td><\/td>\n<td><\/td>\n<\/tr>\n<tr>\n<td><\/td>\n<td><\/td>\n<td><\/td>\n<\/tr>\n<\/tbody>\n<\/table>\n<p>&nbsp;<\/p>\n","protected":false},"excerpt":{"rendered":"<p>&#8230;f\u00fcr Lebens- und Sozialberatung An den Werktagen Montag und Samstag berate ich Sie gerne. F\u00fcr die Terminvereinbarung sind folgende Zeiten m\u00f6glich: Montag Samstag 14:30 Uhr 11:00 Uhr 16:00 Uhr 15:00 Uhr 17:30 Uhr 17:00 Uhr 19:00 Uhr 18:30 Uhr &#8230;f\u00fcr &hellip; <a href=\"https:\/\/www.lebensberatung-schmoll.at\/?page_id=23\">Weiterlesen <span class=\"meta-nav\">&rarr;<\/span><\/a><\/p>\n","protected":false},"author":1,"featured_media":25,"parent":0,"menu_order":4,"comment_status":"closed","ping_status":"closed","template":"sidebar-page.php","meta":{"footnotes":""},"class_list":["post-23","page","type-page","status-publish","has-post-thumbnail","hentry"],"_links":{"self":[{"href":"https:\/\/www.lebensberatung-schmoll.at\/index.php?rest_route=\/wp\/v2\/pages\/23","targetHints":{"allow":["GET"]}}],"collection":[{"href":"https:\/\/www.lebensberatung-schmoll.at\/index.php?rest_route=\/wp\/v2\/pages"}],"about":[{"href":"https:\/\/www.lebensberatung-schmoll.at\/index.php?rest_route=\/wp\/v2\/types\/page"}],"author":[{"embeddable":true,"href":"https:\/\/www.lebensberatung-schmoll.at\/index.php?rest_route=\/wp\/v2\/users\/1"}],"replies":[{"embeddable":true,"href":"https:\/\/www.lebensberatung-schmoll.at\/index.php?rest_route=%2Fwp%2Fv2%2Fcomments&post=23"}],"version-history":[{"count":14,"href":"https:\/\/www.lebensberatung-schmoll.at\/index.php?rest_route=\/wp\/v2\/pages\/23\/revisions"}],"predecessor-version":[{"id":152,"href":"https:\/\/www.lebensberatung-schmoll.at\/index.php?rest_route=\/wp\/v2\/pages\/23\/revisions\/152"}],"wp:featuredmedia":[{"embeddable":true,"href":"https:\/\/www.lebensberatung-schmoll.at\/index.php?rest_route=\/wp\/v2\/media\/25"}],"wp:attachment":[{"href":"https:\/\/www.lebensberatung-schmoll.at\/index.php?rest_route=%2Fwp%2Fv2%2Fmedia&parent=23"}],"curies":[{"name":"wp","href":"https:\/\/api.w.org\/{rel}","templated":true}]}}