{"id":26,"date":"2014-02-21T21:53:34","date_gmt":"2014-02-21T21:53:34","guid":{"rendered":"http:\/\/localhost\/lb\/wordpress\/?page_id=26"},"modified":"2017-03-07T19:33:12","modified_gmt":"2017-03-07T19:33:12","slug":"mein-angebot","status":"publish","type":"page","link":"https:\/\/www.lebensberatung-schmoll.at\/?page_id=26","title":{"rendered":"Mein Angebot"},"content":{"rendered":"<p><strong><em>PROFESSIONELLE BERATUNG und Betreuung f\u00fcr Einzelne, Paare, Eltern und Teams<\/em><\/strong><\/p>\n<p><strong>In PROBLEM- und ENTSCHEIDUNGSSITUATIONEN <\/strong><\/p>\n<ul>\n<li>Zur Alltags- und Problembew\u00e4ltigung, L\u00f6sungskompetenz<\/li>\n<li>Um Stress, \u00dcberlastung und Burnout vorzubeugen<\/li>\n<li>Zur Verbesserung und Steigerung des Lebensgef\u00fchls, um den eigenen Weg zu finden<\/li>\n<li>Zur Ver\u00e4nderung und Neuorganisation, bei Mobbing und Arbeitsverlust, Loslassen lernen<\/li>\n<li>Zur St\u00e4rkung von Ressourcen und um neue Ziele bei Alkohol- und Suchtthemen zu erarbeiten<\/li>\n<li>emotionaler und achtsamer Umgang bei Folgen von Existenzsorgen und Geldproblemen<\/li>\n<\/ul>\n<p><strong>In BEZIEHUNGS- und KONFLIKTSITUATIONEN<\/strong><\/p>\n<ul>\n<li>Um gemeinsame L\u00f6sungen zu finden und neue Ziele zu definieren<\/li>\n<li>Um Trennung und Scheidung, Trauer und Krisen zu bew\u00e4ltigen<\/li>\n<li>Bei \u00c4ngsten und Konflikten in Sexualfragen im gesch\u00fctzten Raum Gespr\u00e4che zuzulassen, Unterst\u00fctzung und L\u00f6sungen zu finden<\/li>\n<li>Elternberatung vor Trennung und einvernehmlicher Scheidung gem. \u00a7 95 Abs.1a Au\u00dferstreitgesetz<\/li>\n<\/ul>\n<p><strong>Entspannung<\/strong><\/p>\n<p>Achtsamkeits\u00fcbungen, Atem\u00fcbungen und leichte Bewegungen, um Ihr Wohlbefinden zu f\u00f6rdern und Ihrem Gef\u00fchl wieder zu vertrauen<\/p>\n<p><strong>Mediation<\/strong><\/p>\n<p>Die andere Art der respektvollen Konfliktl\u00f6sung bei Scheidungen, Trennungen und Beziehungsproblemen<\/p>\n<ul>\n<li>Durch unparteiische Begleitung, Vermittlung und Unterst\u00fctzung beim Finden von fairen, eigenen L\u00f6sungen und Vereinbarungen, die den Bed\u00fcrfnissen aller Parteien am besten entsprechen<\/li>\n<\/ul>\n<p>Gemeinsame Projekte werden auch mit Frau Dipl.LS Elisabeth Rasser durchgef\u00fchrt <a href=\"http:\/\/www.atemschule-rasser.at\">http:\/\/www.atemschule-rasser.at<\/a><\/p>\n<p>P.S.: Falls Sie Fragen im theologischen Bereich haben, steht Ihnen gerne Mag.theol. Peter Schmoll f\u00fcr ein Gespr\u00e4ch zur Verf\u00fcgung (Tel.: 0699\/15056331).<\/p>\n","protected":false},"excerpt":{"rendered":"<p>PROFESSIONELLE BERATUNG und Betreuung f\u00fcr Einzelne, Paare, Eltern und Teams In PROBLEM- und ENTSCHEIDUNGSSITUATIONEN Zur Alltags- und Problembew\u00e4ltigung, L\u00f6sungskompetenz Um Stress, \u00dcberlastung und Burnout vorzubeugen Zur Verbesserung und Steigerung des Lebensgef\u00fchls, um den eigenen Weg zu finden Zur Ver\u00e4nderung und &hellip; <a href=\"https:\/\/www.lebensberatung-schmoll.at\/?page_id=26\">Weiterlesen <span class=\"meta-nav\">&rarr;<\/span><\/a><\/p>\n","protected":false},"author":1,"featured_media":27,"parent":0,"menu_order":2,"comment_status":"closed","ping_status":"closed","template":"sidebar-page.php","meta":{"footnotes":""},"class_list":["post-26","page","type-page","status-publish","has-post-thumbnail","hentry"],"_links":{"self":[{"href":"https:\/\/www.lebensberatung-schmoll.at\/index.php?rest_route=\/wp\/v2\/pages\/26","targetHints":{"allow":["GET"]}}],"collection":[{"href":"https:\/\/www.lebensberatung-schmoll.at\/index.php?rest_route=\/wp\/v2\/pages"}],"about":[{"href":"https:\/\/www.lebensberatung-schmoll.at\/index.php?rest_route=\/wp\/v2\/types\/page"}],"author":[{"embeddable":true,"href":"https:\/\/www.lebensberatung-schmoll.at\/index.php?rest_route=\/wp\/v2\/users\/1"}],"replies":[{"embeddable":true,"href":"https:\/\/www.lebensberatung-schmoll.at\/index.php?rest_route=%2Fwp%2Fv2%2Fcomments&post=26"}],"version-history":[{"count":10,"href":"https:\/\/www.lebensberatung-schmoll.at\/index.php?rest_route=\/wp\/v2\/pages\/26\/revisions"}],"predecessor-version":[{"id":172,"href":"https:\/\/www.lebensberatung-schmoll.at\/index.php?rest_route=\/wp\/v2\/pages\/26\/revisions\/172"}],"wp:featuredmedia":[{"embeddable":true,"href":"https:\/\/www.lebensberatung-schmoll.at\/index.php?rest_route=\/wp\/v2\/media\/27"}],"wp:attachment":[{"href":"https:\/\/www.lebensberatung-schmoll.at\/index.php?rest_route=%2Fwp%2Fv2%2Fmedia&parent=26"}],"curies":[{"name":"wp","href":"https:\/\/api.w.org\/{rel}","templated":true}]}}